{"id":593,"date":"2024-02-28T20:16:03","date_gmt":"2024-02-28T20:16:03","guid":{"rendered":"https:\/\/creativ.com.ro\/?post_type=product&#038;p=593"},"modified":"2024-02-29T12:46:28","modified_gmt":"2024-02-29T12:46:28","slug":"carte-de-colorat","status":"publish","type":"product","link":"https:\/\/creativ.com.ro\/en\/magazin\/carte-de-colorat\/","title":{"rendered":"Carte de colorat"},"content":{"rendered":"<p>Desenarea mandalelor este o activitate distractiv\u0103 \u0219i relaxant\u0103 pentru toate v\u00e2rstele! Nu sunt necesare abilit\u0103\u021bi anterioare de desen. Oricine se poate bucura de beneficiile meditative \u0219i creative ale \u00eenv\u0103\u021b\u0103rii s\u0103-\u0219i deseneze propriile mandale de la zero!<\/p>\n<blockquote><p>C\u0103r\u021bile de colorat pentru copii acord\u0103 o mare aten\u021bie activit\u0103\u021bilor standard \u0219i ajut\u0103 la stimularea creativit\u0103\u021bii \u0219i imagina\u021biei tinerilor elevi, oferindu-le \u00een acela\u0219i timp ore de distrac\u021bie. \u201eCartea de colorat\u201d include mandale simple, perfecte pentru copii<\/p>\n<p>\u2022 Potrivit pentru v\u00e2rstele 5-15<br \/>\n\u2022 Bun pentru toate nivelurile de indemn\u00e2nare<br \/>\n\u2022 10 de pagini cu modele \u0219i modele circulare unice.<\/p><\/blockquote>\n<p>O mandala este un design abstract complex, care are de obicei o form\u0103 circular\u0103. De fapt, \u201emandala\u201d este un cuv\u00e2nt sanscrit care \u00eenseamn\u0103 \u201ecerc\u201d. Mandalele au, \u00een general, un punct central identificabil, din care eman\u0103 o serie de simboluri, forme \u0219i forme.<br \/>\nMandalele pot con\u021bine at\u00e2t forme geometrice, c\u00e2t \u0219i forme organice. Ele pot con\u021bine, de asemenea, imagini recunoscute care au un sens pentru persoana care le creeaz\u0103.<br \/>\n\u00cen esen\u021b\u0103, mandalele reprezint\u0103 leg\u0103tura dintre lumile noastre interioare \u0219i realitatea exterioar\u0103. Proiectarea propriilor mandale poate fi at\u00e2t inspira\u021bional\u0103, c\u00e2t \u0219i terapeutic\u0103.<br \/>\nAici ave\u021bi zece mandale diferite de folosit ca foi de colorat. Copiii le pot folosi oriunde, deoarece foile de colorat cu mandale ofer\u0103 copiilor un exerci\u021biu relaxant \u0219i sunt o modalitate cu adev\u0103rat util\u0103 de a practica mindfulness.<\/p>","protected":false},"excerpt":{"rendered":"<p>C\u0103r\u021bile de colorat pentru copii acord\u0103 o mare aten\u021bie activit\u0103\u021bilor standard \u0219i ajut\u0103 la stimularea creativit\u0103\u021bii \u0219i imagina\u021biei tinerilor elevi, oferindu-le \u00een acela\u0219i timp ore de distrac\u021bie. \u201eCartea de colorat\u201d include mandale simple, perfecte pentru copii<\/p>\n<p>\u2022 Potrivit pentru v\u00e2rstele 5-15<br \/>\n\u2022 Bun pentru toate nivelurile de indemn\u00e2nare<br \/>\n\u2022 10 de pagini cu modele \u0219i modele circulare unice.<br \/>\nAici ave\u021bi zece mandale diferite de folosit ca foi de colorat. Copiii le pot folosi oriunde, deoarece foile de colorat cu mandale ofer\u0103 copiilor un exerci\u021biu relaxant \u0219i sunt o modalitate cu adev\u0103rat util\u0103 de a practica mindfulness.<\/p>","protected":false},"featured_media":595,"comment_status":"closed","ping_status":"closed","template":"","meta":[],"product_brand":[],"product_cat":[93],"product_tag":[],"class_list":{"0":"post-593","1":"product","2":"type-product","3":"status-publish","4":"has-post-thumbnail","6":"product_cat-carte-de-colorat","8":"first","9":"instock","10":"downloadable","11":"virtual","12":"purchasable","13":"product-type-simple","14":"add-to-wishlist-before_image"},"_links":{"self":[{"href":"https:\/\/creativ.com.ro\/en\/wp-json\/wp\/v2\/product\/593","targetHints":{"allow":["GET"]}}],"collection":[{"href":"https:\/\/creativ.com.ro\/en\/wp-json\/wp\/v2\/product"}],"about":[{"href":"https:\/\/creativ.com.ro\/en\/wp-json\/wp\/v2\/types\/product"}],"replies":[{"embeddable":true,"href":"https:\/\/creativ.com.ro\/en\/wp-json\/wp\/v2\/comments?post=593"}],"wp:featuredmedia":[{"embeddable":true,"href":"https:\/\/creativ.com.ro\/en\/wp-json\/wp\/v2\/media\/595"}],"wp:attachment":[{"href":"https:\/\/creativ.com.ro\/en\/wp-json\/wp\/v2\/media?parent=593"}],"wp:term":[{"taxonomy":"product_brand","embeddable":true,"href":"https:\/\/creativ.com.ro\/en\/wp-json\/wp\/v2\/product_brand?post=593"},{"taxonomy":"product_cat","embeddable":true,"href":"https:\/\/creativ.com.ro\/en\/wp-json\/wp\/v2\/product_cat?post=593"},{"taxonomy":"product_tag","embeddable":true,"href":"https:\/\/creativ.com.ro\/en\/wp-json\/wp\/v2\/product_tag?post=593"}],"curies":[{"name":"wp","href":"https:\/\/api.w.org\/{rel}","templated":true}]}}