{"id":536,"date":"2024-02-25T17:28:08","date_gmt":"2024-02-25T17:28:08","guid":{"rendered":"https:\/\/creativ.com.ro\/?post_type=product&#038;p=536"},"modified":"2024-12-16T20:36:39","modified_gmt":"2024-12-16T20:36:39","slug":"suport-pentru-lumanari","status":"publish","type":"product","link":"https:\/\/creativ.com.ro\/en\/magazin\/suport-pentru-lumanari\/","title":{"rendered":"Suport pentru lum\u00e2n\u0103ri"},"content":{"rendered":"<p>Suport lum\u00e2n\u0103ri pictat manual \u00een culori acrilice \u0219i decorat cu cristale.<\/p>","protected":false},"excerpt":{"rendered":"<p>Suport pentru lum\u0103ri din lemn, pictat manual \u00een tehnica punctului (dot mandala)<br \/>\nDimensiuni: L 18cm, l 6cm, \u00ee max 5,5cm<\/p>\n<p>&nbsp;<\/p>","protected":false},"featured_media":539,"comment_status":"closed","ping_status":"closed","template":"","meta":[],"product_brand":[],"product_cat":[89],"product_tag":[92,81,90],"class_list":{"0":"post-536","1":"product","2":"type-product","3":"status-publish","4":"has-post-thumbnail","6":"product_cat-diverse","7":"product_tag-lumanari","8":"product_tag-mandala","9":"product_tag-suport-lemn","11":"first","12":"instock","13":"sold-individually","14":"shipping-taxable","15":"purchasable","16":"product-type-simple","17":"add-to-wishlist-before_image"},"_links":{"self":[{"href":"https:\/\/creativ.com.ro\/en\/wp-json\/wp\/v2\/product\/536","targetHints":{"allow":["GET"]}}],"collection":[{"href":"https:\/\/creativ.com.ro\/en\/wp-json\/wp\/v2\/product"}],"about":[{"href":"https:\/\/creativ.com.ro\/en\/wp-json\/wp\/v2\/types\/product"}],"replies":[{"embeddable":true,"href":"https:\/\/creativ.com.ro\/en\/wp-json\/wp\/v2\/comments?post=536"}],"wp:featuredmedia":[{"embeddable":true,"href":"https:\/\/creativ.com.ro\/en\/wp-json\/wp\/v2\/media\/539"}],"wp:attachment":[{"href":"https:\/\/creativ.com.ro\/en\/wp-json\/wp\/v2\/media?parent=536"}],"wp:term":[{"taxonomy":"product_brand","embeddable":true,"href":"https:\/\/creativ.com.ro\/en\/wp-json\/wp\/v2\/product_brand?post=536"},{"taxonomy":"product_cat","embeddable":true,"href":"https:\/\/creativ.com.ro\/en\/wp-json\/wp\/v2\/product_cat?post=536"},{"taxonomy":"product_tag","embeddable":true,"href":"https:\/\/creativ.com.ro\/en\/wp-json\/wp\/v2\/product_tag?post=536"}],"curies":[{"name":"wp","href":"https:\/\/api.w.org\/{rel}","templated":true}]}}