{"id":1081,"date":"2024-12-16T22:06:30","date_gmt":"2024-12-16T22:06:30","guid":{"rendered":"https:\/\/creativ.com.ro\/?post_type=product&#038;p=1081"},"modified":"2024-12-16T22:06:30","modified_gmt":"2024-12-16T22:06:30","slug":"oglinda","status":"publish","type":"product","link":"https:\/\/creativ.com.ro\/en\/magazin\/oglinda\/","title":{"rendered":"Oglind\u0103"},"content":{"rendered":"<p>Oglind\u0103 pictat\u0103 manual \u00een culori acrilice \u0219i aplica\u021bii de mini oglinzi, pe suport MDF cu diametrul de 40 cm<\/p>","protected":false},"excerpt":{"rendered":"<p>Oglind\u0103 pictat\u0103 manual \u00een culori acrilice \u0219i aplica\u021bii de mini oglinzi, pe suport MDF cu diametrul de 40 cm<\/p>","protected":false},"featured_media":1082,"comment_status":"open","ping_status":"closed","template":"","meta":[],"product_brand":[],"product_cat":[19],"product_tag":[],"class_list":{"0":"post-1081","1":"product","2":"type-product","3":"status-publish","4":"has-post-thumbnail","6":"product_cat-oglinzi","8":"first","9":"instock","10":"sold-individually","11":"shipping-taxable","12":"purchasable","13":"product-type-simple","14":"add-to-wishlist-before_image"},"_links":{"self":[{"href":"https:\/\/creativ.com.ro\/en\/wp-json\/wp\/v2\/product\/1081","targetHints":{"allow":["GET"]}}],"collection":[{"href":"https:\/\/creativ.com.ro\/en\/wp-json\/wp\/v2\/product"}],"about":[{"href":"https:\/\/creativ.com.ro\/en\/wp-json\/wp\/v2\/types\/product"}],"replies":[{"embeddable":true,"href":"https:\/\/creativ.com.ro\/en\/wp-json\/wp\/v2\/comments?post=1081"}],"wp:featuredmedia":[{"embeddable":true,"href":"https:\/\/creativ.com.ro\/en\/wp-json\/wp\/v2\/media\/1082"}],"wp:attachment":[{"href":"https:\/\/creativ.com.ro\/en\/wp-json\/wp\/v2\/media?parent=1081"}],"wp:term":[{"taxonomy":"product_brand","embeddable":true,"href":"https:\/\/creativ.com.ro\/en\/wp-json\/wp\/v2\/product_brand?post=1081"},{"taxonomy":"product_cat","embeddable":true,"href":"https:\/\/creativ.com.ro\/en\/wp-json\/wp\/v2\/product_cat?post=1081"},{"taxonomy":"product_tag","embeddable":true,"href":"https:\/\/creativ.com.ro\/en\/wp-json\/wp\/v2\/product_tag?post=1081"}],"curies":[{"name":"wp","href":"https:\/\/api.w.org\/{rel}","templated":true}]}}