{"id":1068,"date":"2024-12-16T21:27:51","date_gmt":"2024-12-16T21:27:51","guid":{"rendered":"https:\/\/creativ.com.ro\/?post_type=product&#038;p=1068"},"modified":"2024-12-16T21:27:51","modified_gmt":"2024-12-16T21:27:51","slug":"suport-lumanare-5","status":"publish","type":"product","link":"https:\/\/creativ.com.ro\/en\/magazin\/suport-lumanare-5\/","title":{"rendered":"Suport lum\u00e2nare"},"content":{"rendered":"<p>Suport lum\u00e2nare pictat manual \u00een culori acrilice pe suport de lemn, sigilat cu lac non toxic, diametrul de 10 cm<\/p>","protected":false},"excerpt":{"rendered":"<p>Suport lum\u00e2nare pictat manual \u00een culori acrilice pe suport de lemn, sigilat cu lac non toxic, diametrul de 10 cm<\/p>","protected":false},"featured_media":1069,"comment_status":"open","ping_status":"closed","template":"","meta":[],"product_brand":[],"product_cat":[89],"product_tag":[],"class_list":{"0":"post-1068","1":"product","2":"type-product","3":"status-publish","4":"has-post-thumbnail","6":"product_cat-diverse","8":"first","9":"instock","10":"sold-individually","11":"shipping-taxable","12":"purchasable","13":"product-type-simple","14":"add-to-wishlist-before_image"},"_links":{"self":[{"href":"https:\/\/creativ.com.ro\/en\/wp-json\/wp\/v2\/product\/1068","targetHints":{"allow":["GET"]}}],"collection":[{"href":"https:\/\/creativ.com.ro\/en\/wp-json\/wp\/v2\/product"}],"about":[{"href":"https:\/\/creativ.com.ro\/en\/wp-json\/wp\/v2\/types\/product"}],"replies":[{"embeddable":true,"href":"https:\/\/creativ.com.ro\/en\/wp-json\/wp\/v2\/comments?post=1068"}],"wp:featuredmedia":[{"embeddable":true,"href":"https:\/\/creativ.com.ro\/en\/wp-json\/wp\/v2\/media\/1069"}],"wp:attachment":[{"href":"https:\/\/creativ.com.ro\/en\/wp-json\/wp\/v2\/media?parent=1068"}],"wp:term":[{"taxonomy":"product_brand","embeddable":true,"href":"https:\/\/creativ.com.ro\/en\/wp-json\/wp\/v2\/product_brand?post=1068"},{"taxonomy":"product_cat","embeddable":true,"href":"https:\/\/creativ.com.ro\/en\/wp-json\/wp\/v2\/product_cat?post=1068"},{"taxonomy":"product_tag","embeddable":true,"href":"https:\/\/creativ.com.ro\/en\/wp-json\/wp\/v2\/product_tag?post=1068"}],"curies":[{"name":"wp","href":"https:\/\/api.w.org\/{rel}","templated":true}]}}